{"id":1233,"date":"2024-07-10T12:04:00","date_gmt":"2024-07-10T09:04:00","guid":{"rendered":"https:\/\/durga.lt\/%d0%b1%d1%96%d0%b7%d0%bd%d0%b5%d1%81-%d0%bf%d0%be%d1%81%d0%bb%d1%83%d0%b3%d0%b8\/"},"modified":"2024-07-10T12:07:30","modified_gmt":"2024-07-10T09:07:30","slug":"ukraine","status":"publish","type":"page","link":"https:\/\/durga.lt\/pl\/ukraine\/","title":{"rendered":"\u0414\u041b\u042f \u0423\u041a\u0420\u0410\u0407\u041d\u0426\u0406\u0412"},"content":{"rendered":"<div class=\"fusion-fullwidth fullwidth-box fusion-builder-row-1 fusion-flex-container has-pattern-background has-mask-background nonhundred-percent-fullwidth non-hundred-percent-height-scrolling\" style=\"--awb-border-radius-top-left:0px;--awb-border-radius-top-right:0px;--awb-border-radius-bottom-right:0px;--awb-border-radius-bottom-left:0px;\" ><div class=\"fusion-builder-row fusion-row fusion-flex-align-items-flex-start\" style=\"max-width:1144px;margin-left: calc(-4% \/ 2 );margin-right: calc(-4% \/ 2 );\"><div class=\"fusion-layout-column fusion_builder_column fusion-builder-column-0 fusion_builder_column_1_1 1_1 fusion-flex-column\" style=\"--awb-bg-size:cover;--awb-width-large:100%;--awb-spacing-right-large:1.92%;--awb-spacing-left-large:1.92%;--awb-width-medium:100%;--awb-order-medium:0;--awb-spacing-right-medium:1.92%;--awb-spacing-left-medium:1.92%;--awb-width-small:100%;--awb-order-small:0;--awb-spacing-right-small:1.92%;--awb-spacing-left-small:1.92%;\"><div class=\"fusion-column-wrapper fusion-column-has-shadow fusion-flex-justify-content-flex-start fusion-content-layout-column\"><div class=\"fusion-title title fusion-title-1 fusion-title-center fusion-title-text fusion-title-size-one\" style=\"--awb-margin-top:30px;--awb-margin-bottom:30px;\"><div class=\"title-sep-container title-sep-container-left\"><div class=\"title-sep sep-single sep-solid\" style=\"border-color:#b9babb;\"><\/div><\/div><span class=\"awb-title-spacer\"><\/span><h1 class=\"title-heading-center\" style=\"margin:0;\"><span class=\"HwtZe\" lang=\"uk\"><span class=\"jCAhz JxVs2d ChMk0b\"><span class=\"ryNqvb\">\u0431\u0456\u0437\u043d\u0435\u0441-\u043f\u043e\u0441\u043b\u0443\u0433\u0438<\/span><\/span><\/span><\/h1><span class=\"awb-title-spacer\"><\/span><div class=\"title-sep-container title-sep-container-right\"><div class=\"title-sep sep-single sep-solid\" style=\"border-color:#b9babb;\"><\/div><\/div><\/div><div class=\"fusion-text fusion-text-1\"><p><span class=\"HwtZe\" lang=\"uk\"><span class=\"jCAhz JxVs2d ChMk0b\"><span class=\"ryNqvb\"><strong>\u041c\u0438 \u043f\u0440\u043e\u043f\u043e\u043d\u0443\u0454\u043c\u043e \u0443\u043a\u0440\u0430\u0457\u043d\u0441\u044c\u043a\u0438\u043c \u043a\u043e\u043c\u043f\u0430\u043d\u0456\u044f\u043c \u0440\u043e\u0437\u0448\u0438\u0440\u0438\u0442\u0438 \u0441\u0432\u043e\u044e \u0434\u0456\u044f\u043b\u044c\u043d\u0456\u0441\u0442\u044c \u0456 \u0437\u0430\u043a\u0440\u0456\u043f\u0438\u0442\u0438\u0441\u044f \u0432 \u041b\u0438\u0442\u0432\u0456, \u0446\u0435 \u0432\u0456\u0434\u043a\u0440\u0438\u0454 \u043c\u043e\u0436\u043b\u0438\u0432\u043e\u0441\u0442\u0456 \u0434\u043b\u044f \u0440\u043e\u0431\u043e\u0442\u0438 \u043d\u0430 \u0432\u0441\u044c\u043e\u043c\u0443 \u0440\u0438\u043d\u043a\u0443 \u0404\u0421.<\/strong><br \/>\n\u041c\u0438 \u043f\u0440\u043e\u043f\u043e\u043d\u0443\u0454\u043c\u043e \u0448\u0438\u0440\u043e\u043a\u0438\u0439 \u0441\u043f\u0435\u043a\u0442\u0440 \u043f\u043e\u0441\u043b\u0443\u0433, \u044f\u043a\u0456 \u0434\u043e\u043f\u043e\u043c\u043e\u0436\u0443\u0442\u044c \u0432\u0430\u0448\u0456\u0439 \u043a\u043e\u043c\u043f\u0430\u043d\u0456\u0457 \u0431\u0435\u0437\u043f\u0435\u0440\u0435\u0431\u0456\u0439\u043d\u043e \u043f\u0440\u0430\u0446\u044e\u0432\u0430\u0442\u0438 \u043d\u0430 \u043b\u0438\u0442\u043e\u0432\u0441\u044c\u043a\u043e\u043c\u0443 \u0440\u0438\u043d\u043a\u0443: <\/span><\/span><\/span><\/p>\n<ul>\n<li><span class=\"HwtZe\" lang=\"uk\"><span class=\"jCAhz JxVs2d ChMk0b\"><span class=\"ryNqvb\">\u041f\u0440\u043e\u0444\u0435\u0441\u0456\u0439\u043d\u0456 \u043f\u043e\u0441\u043b\u0443\u0433\u0438 \u043c\u0438\u0442\u043d\u043e\u0433\u043e \u0431\u0440\u043e\u043a\u0435\u0440\u0430. <\/span><\/span><\/span><\/li>\n<li><span class=\"HwtZe\" lang=\"uk\"><span class=\"jCAhz JxVs2d ChMk0b\"><span class=\"ryNqvb\">\u0421\u043a\u043b\u0430\u0434\u0443\u0432\u0430\u043d\u043d\u044f \u0442\u0430 \u0440\u043e\u0437\u043f\u043e\u0434\u0456\u043b \u0442\u043e\u0432\u0430\u0440\u0456\u0432. <\/span><\/span><\/span><\/li>\n<li><span class=\"HwtZe\" lang=\"uk\"><span class=\"jCAhz JxVs2d ChMk0b\"><span class=\"ryNqvb\">\u0421\u0442\u0432\u043e\u0440\u0435\u043d\u043d\u044f \u043a\u043e\u043c\u043f\u0430\u043d\u0456\u0439, \u0431\u0443\u0445\u0433\u0430\u043b\u0442\u0435\u0440\u0441\u044c\u043a\u0438\u0439 \u043e\u0431\u043b\u0456\u043a. <\/span><\/span><\/span><\/li>\n<li><span class=\"HwtZe\" lang=\"uk\"><span class=\"jCAhz JxVs2d ChMk0b\"><span class=\"ryNqvb\"> \u041e\u0440\u0435\u043d\u0434\u0430 \u043e\u0444\u0456\u0441\u043d\u0438\u0445 \u043f\u0440\u0438\u043c\u0456\u0449\u0435\u043d\u044c.<\/span><\/span><\/span><\/li>\n<\/ul>\n<p><span class=\"HwtZe\" lang=\"uk\"><span class=\"jCAhz JxVs2d ChMk0b\"><span class=\"ryNqvb\">\u041d\u0430\u0448\u0456 \u0434\u043e\u0441\u0432\u0456\u0434\u0447\u0435\u043d\u0456 \u0441\u043f\u0435\u0446\u0456\u0430\u043b\u0456\u0441\u0442\u0438 \u0437\u0430\u0431\u0435\u0437\u043f\u0435\u0447\u0430\u0442\u044c \u043f\u043b\u0430\u0432\u043d\u0438\u0439 \u0442\u0430 \u0435\u0444\u0435\u043a\u0442\u0438\u0432\u043d\u0438\u0439 \u0441\u0442\u0430\u0440\u0442 \u0432\u0430\u0448\u043e\u0433\u043e \u0431\u0456\u0437\u043d\u0435\u0441\u0443 \u043d\u0430 \u043a\u043e\u0436\u043d\u043e\u043c\u0443 \u043a\u0440\u043e\u0446\u0456.<br \/>\n<span class=\"jCAhz JxVs2d\">\u0417\u0432&#8217;\u044f\u0436\u0456\u0442\u044c\u0441\u044f \u0437 \u043d\u0430\u043c\u0438 \u0441\u044c\u043e\u0433\u043e\u0434\u043d\u0456!<\/span><\/span><\/span><\/span><\/p>\n<div><b>Oferty dla ukrai\u0144skich firm: zapraszamy do rozwoju dzia\u0142alno\u015bci w Litwie, co otworzy mo\u017cliwo\u015bci dzia\u0142ania na ca\u0142ym rynku UE.<\/b><\/div>\n<div>Oferujemy szeroki zakres us\u0142ug, kt\u00f3re pomog\u0105 Twojej firmie sprawnie dzia\u0142a\u0107 na litewskim rynku:<\/div>\n<ul>\n<li>\n<div>Profesjonalne us\u0142ugi po\u015brednictwa celno-mitowego.<\/div>\n<\/li>\n<li>\n<div>Magazynowanie i dystrybucja towar\u00f3w.<\/div>\n<\/li>\n<li>\n<div>Rejestracja firm, ksi\u0119gowo\u015b\u0107.<\/div>\n<\/li>\n<li>\n<div>Wynajem biur.<\/div>\n<\/li>\n<\/ul>\n<div>Nasi do\u015bwiadczeni specjali\u015bci zapewni\u0105 p\u0142ynny i efektywny start Twojego biznesu na ka\u017cdym etapie.<\/div>\n<div>Skontaktuj si\u0119 z nami jeszcze dzi\u015b!<\/div>\n<div><\/div>\n<div><\/div>\n<div><\/div>\n<\/div><div class=\"fusion-text fusion-text-2\" style=\"--awb-content-alignment:center;\"><p>K<span class=\"HwtZe\" lang=\"uk\"><span class=\"jCAhz JxVs2d ChMk0b\"><span class=\"ryNqvb\">\u043entakt\/<\/span><\/span><\/span>Kontaktai<\/p>\n<p><a href=\"tel: +370 699 65199\">tel: +370 699 65199<\/a> (WhatsApp\/Viber)<\/p>\n<p><a href=\"mailto:info@durga.lt\">info@durga.lt<\/a><\/p>\n<\/div><div class=\"fusion-image-element \" style=\"text-align:center;--awb-aspect-ratio:16 \/ 9;--awb-object-position:39% 50%;--awb-max-width:500px;\"><div style=\"display:inline-block;width:500px;\"><span class=\" fusion-imageframe imageframe-none imageframe-1 hover-type-none has-aspect-ratio\"><img decoding=\"async\" width=\"1600\" height=\"1067\" title=\"UA\" src=\"https:\/\/durga.lt\/wp-content\/uploads\/2024\/06\/UA.png\" class=\"img-responsive wp-image-1234 img-with-aspect-ratio\" alt srcset=\"https:\/\/durga.lt\/wp-content\/uploads\/2024\/06\/UA-200x133.png 200w, https:\/\/durga.lt\/wp-content\/uploads\/2024\/06\/UA-400x267.png 400w, https:\/\/durga.lt\/wp-content\/uploads\/2024\/06\/UA-600x400.png 600w, https:\/\/durga.lt\/wp-content\/uploads\/2024\/06\/UA-800x534.png 800w, https:\/\/durga.lt\/wp-content\/uploads\/2024\/06\/UA-1200x800.png 1200w, https:\/\/durga.lt\/wp-content\/uploads\/2024\/06\/UA.png 1600w\" sizes=\"(max-width: 1024px) 100vw, (max-width: 640px) 100vw, 1200px\" \/><\/span><\/div><\/div><\/div><\/div><\/div><\/div>\n","protected":false},"excerpt":{"rendered":"","protected":false},"author":5,"featured_media":0,"parent":0,"menu_order":0,"comment_status":"closed","ping_status":"closed","template":"","meta":{"footnotes":""},"_links":{"self":[{"href":"https:\/\/durga.lt\/pl\/wp-json\/wp\/v2\/pages\/1233"}],"collection":[{"href":"https:\/\/durga.lt\/pl\/wp-json\/wp\/v2\/pages"}],"about":[{"href":"https:\/\/durga.lt\/pl\/wp-json\/wp\/v2\/types\/page"}],"author":[{"embeddable":true,"href":"https:\/\/durga.lt\/pl\/wp-json\/wp\/v2\/users\/5"}],"replies":[{"embeddable":true,"href":"https:\/\/durga.lt\/pl\/wp-json\/wp\/v2\/comments?post=1233"}],"version-history":[{"count":5,"href":"https:\/\/durga.lt\/pl\/wp-json\/wp\/v2\/pages\/1233\/revisions"}],"predecessor-version":[{"id":1239,"href":"https:\/\/durga.lt\/pl\/wp-json\/wp\/v2\/pages\/1233\/revisions\/1239"}],"wp:attachment":[{"href":"https:\/\/durga.lt\/pl\/wp-json\/wp\/v2\/media?parent=1233"}],"curies":[{"name":"wp","href":"https:\/\/api.w.org\/{rel}","templated":true}]}}