{"id":1220,"date":"2024-07-10T11:39:48","date_gmt":"2024-07-10T08:39:48","guid":{"rendered":"https:\/\/durga.lt\/uslugi\/parkingi-dla-pojazdow-towarowych\/"},"modified":"2024-07-10T11:39:49","modified_gmt":"2024-07-10T08:39:49","slug":"parkingi-dla-pojazdow-towarowych","status":"publish","type":"page","link":"https:\/\/durga.lt\/pl\/uslugi\/parkingi-dla-pojazdow-towarowych\/","title":{"rendered":"Parkingi dla pojazd\u00f3w towarowych"},"content":{"rendered":"<div class=\"fusion-fullwidth fullwidth-box fusion-builder-row-1 hundred-percent-fullwidth non-hundred-percent-height-scrolling fusion-equal-height-columns\" style=\"--awb-border-radius-top-left:0px;--awb-border-radius-top-right:0px;--awb-border-radius-bottom-right:0px;--awb-border-radius-bottom-left:0px;--awb-padding-left:0px;\" ><div class=\"fusion-builder-row fusion-row\"><div class=\"fusion-layout-column fusion_builder_column fusion-builder-column-0 fusion_builder_column_1_2 1_2 fusion-one-half fusion-column-first\" style=\"--awb-bg-image:url(&#039;https:\/\/durga.lt\/wp-content\/uploads\/2023\/10\/DJI_0349-scaled.jpg&#039;);--awb-bg-position:center center;--awb-bg-blend:overlay;--awb-bg-size:cover;--awb-margin-top:0px;--awb-margin-bottom:0px;width:48%; margin-right: 4%;\"><div class=\"fusion-column-wrapper fusion-flex-column-wrapper-legacy fusion-empty-column-bg-image\" data-bg-url=\"https:\/\/durga.lt\/wp-content\/uploads\/2023\/10\/DJI_0349-scaled.jpg\"><img decoding=\"async\" class=\"fusion-empty-dims-img-placeholder fusion-no-large-visibility\" src=\"data:image\/svg+xml,%3Csvg%20xmlns%3D%27http%3A%2F%2Fwww.w3.org%2F2000%2Fsvg%27%20width%3D%272560%27%20height%3D%271920%27%20viewBox%3D%270%200%202560%201920%27%3E%3Crect%20width%3D%272560%27%20height%3D%271920%27%20fill-opacity%3D%220%22%2F%3E%3C%2Fsvg%3E\"><div class=\"fusion-clearfix\"><\/div><\/div><\/div><div class=\"fusion-layout-column fusion_builder_column fusion-builder-column-1 fusion_builder_column_1_2 1_2 fusion-one-half fusion-column-last\" style=\"--awb-padding-top:15%;--awb-padding-right:15%;--awb-padding-bottom:15%;--awb-padding-left:15%;--awb-bg-blend:overlay;--awb-bg-size:cover;--awb-margin-top:0px;--awb-margin-bottom:0px;width:48%;\"><div class=\"fusion-column-wrapper fusion-flex-column-wrapper-legacy\"><div class=\"fusion-column-content-centered\"><div class=\"fusion-column-content\"><div class=\"fusion-title title fusion-title-1 fusion-sep-none fusion-title-text fusion-title-size-one\"><h1 class=\"title-heading-left\" style=\"margin:0;\">L\u0105dowiska dla pojazd\u00f3w towarowych<\/h1><\/div><div class=\"fusion-text fusion-text-1\"><p>Zapraszamy do korzystania z plac\u00f3w transportowych przy przej\u015bciach granicznych w Medininkai i Szawlczynikach. <a href=\"https:\/\/durga.lt\/pl\/zasady\/\"><strong>ZASADY.<\/strong><\/a><\/p>\n<p><strong>Zalety:<\/strong><\/p>\n<ul>\n<li>Elektroniczne formowanie kolejek do wjazdu na przej\u015bcia graniczne<\/li>\n<li>Realizacja dokument\u00f3w celnych<\/li>\n<li>Bezpiecze\u0144stwo (ochrona i kamery wideo)<\/li>\n<li>Wygodne po\u0142o\u017cenie (obok punkt\u00f3w granicznych)<\/li>\n<li>Kawiarnia<\/li>\n<li>Toalety i prysznice<\/li>\n<li>Pralnia<\/li>\n<\/ul>\n<\/div><div class=\"fusion-aligncenter\"><a class=\"fusion-button button-flat fusion-button-default-size button-default fusion-button-default button-1 fusion-button-default-span fusion-button-default-type\" style=\"--button-border-radius-top-left:10px;--button-border-radius-top-right:10px;--button-border-radius-bottom-right:10px;--button-border-radius-bottom-left:10px;\" target=\"_self\" href=\"https:\/\/durga.lt\/kontaktai\/\"><span class=\"fusion-button-text\">Skontaktuj si\u0119 z nami!<\/span><\/a><\/div><\/div><\/div><div class=\"fusion-clearfix\"><\/div><\/div><\/div><\/div><\/div>\n","protected":false},"excerpt":{"rendered":"","protected":false},"author":4,"featured_media":0,"parent":1205,"menu_order":0,"comment_status":"closed","ping_status":"closed","template":"100-width.php","meta":{"footnotes":""},"_links":{"self":[{"href":"https:\/\/durga.lt\/pl\/wp-json\/wp\/v2\/pages\/1220"}],"collection":[{"href":"https:\/\/durga.lt\/pl\/wp-json\/wp\/v2\/pages"}],"about":[{"href":"https:\/\/durga.lt\/pl\/wp-json\/wp\/v2\/types\/page"}],"author":[{"embeddable":true,"href":"https:\/\/durga.lt\/pl\/wp-json\/wp\/v2\/users\/4"}],"replies":[{"embeddable":true,"href":"https:\/\/durga.lt\/pl\/wp-json\/wp\/v2\/comments?post=1220"}],"version-history":[{"count":2,"href":"https:\/\/durga.lt\/pl\/wp-json\/wp\/v2\/pages\/1220\/revisions"}],"predecessor-version":[{"id":1222,"href":"https:\/\/durga.lt\/pl\/wp-json\/wp\/v2\/pages\/1220\/revisions\/1222"}],"up":[{"embeddable":true,"href":"https:\/\/durga.lt\/pl\/wp-json\/wp\/v2\/pages\/1205"}],"wp:attachment":[{"href":"https:\/\/durga.lt\/pl\/wp-json\/wp\/v2\/media?parent=1220"}],"curies":[{"name":"wp","href":"https:\/\/api.w.org\/{rel}","templated":true}]}}