{"id":1217,"date":"2024-07-10T11:38:17","date_gmt":"2024-07-10T08:38:17","guid":{"rendered":"https:\/\/durga.lt\/uslugi\/zglaszanie-do-organow-celnych-ue\/"},"modified":"2024-07-10T11:38:17","modified_gmt":"2024-07-10T08:38:17","slug":"zglaszanie-do-organow-celnych-ue","status":"publish","type":"page","link":"https:\/\/durga.lt\/pl\/uslugi\/zglaszanie-do-organow-celnych-ue\/","title":{"rendered":"Zg\u0142aszanie do organ\u00f3w celnych UE"},"content":{"rendered":"<div class=\"fusion-fullwidth fullwidth-box fusion-builder-row-1 hundred-percent-fullwidth non-hundred-percent-height-scrolling fusion-equal-height-columns\" style=\"--awb-border-radius-top-left:0px;--awb-border-radius-top-right:0px;--awb-border-radius-bottom-right:0px;--awb-border-radius-bottom-left:0px;--awb-padding-left:0px;\" ><div class=\"fusion-builder-row fusion-row\"><div class=\"fusion-layout-column fusion_builder_column fusion-builder-column-0 fusion_builder_column_1_2 1_2 fusion-one-half fusion-column-first\" style=\"--awb-bg-image:url(&#039;https:\/\/durga.lt\/wp-content\/uploads\/2018\/04\/DJI_0500.jpg&#039;);--awb-bg-position:center center;--awb-bg-size:cover;--awb-margin-top:0px;--awb-margin-bottom:0px;width:48%; margin-right: 4%;\"><div class=\"fusion-column-wrapper fusion-flex-column-wrapper-legacy fusion-empty-column-bg-image\" data-bg-url=\"https:\/\/durga.lt\/wp-content\/uploads\/2018\/04\/DJI_0500.jpg\"><img decoding=\"async\" class=\"fusion-empty-dims-img-placeholder fusion-no-large-visibility\" src=\"data:image\/svg+xml,%3Csvg%20xmlns%3D%27http%3A%2F%2Fwww.w3.org%2F2000%2Fsvg%27%20width%3D%27934%27%20height%3D%27700%27%20viewBox%3D%270%200%20934%20700%27%3E%3Crect%20width%3D%27934%27%20height%3D%27700%27%20fill-opacity%3D%220%22%2F%3E%3C%2Fsvg%3E\"><div class=\"fusion-clearfix\"><\/div><\/div><\/div><div class=\"fusion-layout-column fusion_builder_column fusion-builder-column-1 fusion_builder_column_1_2 1_2 fusion-one-half fusion-column-last\" style=\"--awb-padding-top:15%;--awb-padding-right:15%;--awb-padding-bottom:15%;--awb-padding-left:15%;--awb-bg-size:cover;--awb-margin-top:0px;--awb-margin-bottom:0px;width:48%;\"><div class=\"fusion-column-wrapper fusion-flex-column-wrapper-legacy\"><div class=\"fusion-column-content-centered\"><div class=\"fusion-column-content\"><div class=\"fusion-title title fusion-title-1 fusion-sep-none fusion-title-text fusion-title-size-one\"><h1 class=\"title-heading-left\" style=\"margin:0;\">Zg\u0142aszanie do organ\u00f3w celnych UE<\/h1><\/div><div class=\"fusion-text fusion-text-1\"><p>Pracownicy UAB \u201eDurga\u201c przygotuj\u0105 wszelkiego rodzaju dokumenty celne i dokonaj\u0105 niezb\u0119dnych procedur celnych dla urz\u0119d\u00f3w celnym Litwy, \u0141otwy i Polski:<\/p>\n<ul>\n<li>T1 (deklaracja tranzytowa, przew\u00f3z towar\u00f3w z kraj\u00f3w trzecich do UE).<\/li>\n<li>Gwarancje dla procedury tranzytowej T1.<\/li>\n<li>Import.<\/li>\n<li>Eksport.<\/li>\n<li>BDK (jednolity dokument administracyjny).<\/li>\n<li>Manifest eksportowy.<\/li>\n<li>Tir Carnet.<\/li>\n<li>CMR (mi\u0119dzynarodowy list przewozowy).<\/li>\n<li>VID (weterynaryjna deklaracja wwozowa).<\/li>\n<li>Op\u0142ata weterynaryjna.<\/li>\n<li>Eskorta \u0142adunk\u00f3w.<\/li>\n<li>Tymczasowy przyw\u00f3z\/wyw\u00f3z do przetworzenia.<\/li>\n<li>KIPIS \u2013 informacyjny system portu morskiego.<\/li>\n<li>Konsultacje w zakresie procedur celnych.<\/li>\n<li>Reprezentacja podczas odprawy celnej.<\/li>\n<\/ul>\n<p>Obs\u0142ugujemy wszystkie punkty przej\u015bcia granicznego Litwy, \u0141otwy i Polski, w tym Alytus, Kaunas, Mariampol\u0119, Uten\u0119 i K\u0142ajped\u0119.<\/p>\n<\/div><div class=\"fusion-aligncenter\"><a class=\"fusion-button button-flat fusion-button-default-size button-default fusion-button-default button-1 fusion-button-default-span fusion-button-default-type\" style=\"--button-border-radius-top-left:10px;--button-border-radius-top-right:10px;--button-border-radius-bottom-right:10px;--button-border-radius-bottom-left:10px;\" target=\"_self\" href=\"https:\/\/durga.lt\/kontaktai\/\"><span class=\"fusion-button-text\">Skontaktuj si\u0119 z nami!<\/span><\/a><\/div><\/div><\/div><div class=\"fusion-clearfix\"><\/div><\/div><\/div><\/div><\/div>\n","protected":false},"excerpt":{"rendered":"","protected":false},"author":4,"featured_media":0,"parent":1205,"menu_order":0,"comment_status":"closed","ping_status":"closed","template":"100-width.php","meta":{"footnotes":""},"_links":{"self":[{"href":"https:\/\/durga.lt\/pl\/wp-json\/wp\/v2\/pages\/1217"}],"collection":[{"href":"https:\/\/durga.lt\/pl\/wp-json\/wp\/v2\/pages"}],"about":[{"href":"https:\/\/durga.lt\/pl\/wp-json\/wp\/v2\/types\/page"}],"author":[{"embeddable":true,"href":"https:\/\/durga.lt\/pl\/wp-json\/wp\/v2\/users\/4"}],"replies":[{"embeddable":true,"href":"https:\/\/durga.lt\/pl\/wp-json\/wp\/v2\/comments?post=1217"}],"version-history":[{"count":2,"href":"https:\/\/durga.lt\/pl\/wp-json\/wp\/v2\/pages\/1217\/revisions"}],"predecessor-version":[{"id":1219,"href":"https:\/\/durga.lt\/pl\/wp-json\/wp\/v2\/pages\/1217\/revisions\/1219"}],"up":[{"embeddable":true,"href":"https:\/\/durga.lt\/pl\/wp-json\/wp\/v2\/pages\/1205"}],"wp:attachment":[{"href":"https:\/\/durga.lt\/pl\/wp-json\/wp\/v2\/media?parent=1217"}],"curies":[{"name":"wp","href":"https:\/\/api.w.org\/{rel}","templated":true}]}}