{"id":1205,"date":"2024-07-10T11:28:06","date_gmt":"2024-07-10T08:28:06","guid":{"rendered":"https:\/\/durga.lt\/uslugi\/"},"modified":"2024-07-10T12:01:37","modified_gmt":"2024-07-10T09:01:37","slug":"uslugi","status":"publish","type":"page","link":"https:\/\/durga.lt\/pl\/uslugi\/","title":{"rendered":"Us\u0142ugi"},"content":{"rendered":"<div class=\"fusion-fullwidth fullwidth-box fusion-builder-row-1 nonhundred-percent-fullwidth non-hundred-percent-height-scrolling fusion-equal-height-columns\" style=\"--awb-border-radius-top-left:0px;--awb-border-radius-top-right:0px;--awb-border-radius-bottom-right:0px;--awb-border-radius-bottom-left:0px;--awb-padding-top:0px;--awb-padding-bottom:0px;--awb-margin-top:0px;--awb-margin-bottom:0px;\" ><div class=\"fusion-builder-row fusion-row\"><div class=\"fusion-layout-column fusion_builder_column fusion-builder-column-0 fusion_builder_column_2_3 2_3 fusion-two-third fusion-column-first fusion-column-no-min-height\" style=\"--awb-padding-top:50px;--awb-padding-bottom:50px;--awb-bg-blend:overlay;--awb-bg-size:cover;--awb-margin-bottom:0px;width:66.666666666667%;width:calc(66.666666666667% - ( ( 2% ) * 0.66666666666667 ) );margin-right: 2%;\"><div class=\"fusion-column-wrapper fusion-flex-column-wrapper-legacy\"><div class=\"fusion-title title fusion-title-1 fusion-sep-none fusion-title-text fusion-title-size-two\"><h2 class=\"title-heading-left\" style=\"margin:0;\">Dokumenty celne<\/h2><\/div><div class=\"fusion-text fusion-text-1\"><p style=\"margin-bottom: 0px;\">Pracownicy firmy Durga przygotuj\u0105 wszystkie rodzaje dokument\u00f3w celnych i przeprowadz\u0105 niezb\u0119dne procedury celne dla litewskich, \u0142otewskich i polskich organ\u00f3w celnych:<\/p>\n<p>&gt;<\/p>\n<\/div><div class=\"fusion-builder-row fusion-builder-row-inner fusion-row\"><div class=\"fusion-layout-column fusion_builder_column_inner fusion-builder-nested-column-0 fusion_builder_column_inner_1_2 1_2 fusion-one-half fusion-column-first\" style=\"--awb-bg-blend:overlay;--awb-bg-size:cover;width:50%;width:calc(50% - ( ( 4% ) * 0.5 ) );margin-right: 4%;\"><div class=\"fusion-column-wrapper fusion-flex-column-wrapper-legacy\"><div class=\"fusion-text fusion-text-2\"><ul>\n<li>T1 (deklaracja tranzytowa, przew\u00f3z towar\u00f3w z kraj\u00f3w trzecich do UE).<\/li>\n<li>Gwarancje dla procedury tranzytowej T1.<\/li>\n<li>Import.<\/li>\n<li>Eksport.<\/li>\n<li>BDK (jednolity dokument administracyjny).<\/li>\n<li>Manifest eksportowy.<\/li>\n<li>Tir Carnet.<\/li>\n<li>CMR (mi\u0119dzynarodowy list przewozowy).<\/li>\n<li>VID (weterynaryjna deklaracja wwozowa).<\/li>\n<\/ul>\n<\/div><div class=\"fusion-clearfix\"><\/div><\/div><\/div><div class=\"fusion-layout-column fusion_builder_column_inner fusion-builder-nested-column-1 fusion_builder_column_inner_1_2 1_2 fusion-one-half fusion-column-last\" style=\"--awb-bg-blend:overlay;--awb-bg-size:cover;width:50%;width:calc(50% - ( ( 4% ) * 0.5 ) );\"><div class=\"fusion-column-wrapper fusion-flex-column-wrapper-legacy\"><div class=\"fusion-text fusion-text-3\"><ul>\n<li>Op\u0142ata weterynaryjna.<\/li>\n<li>Eskorta \u0142adunk\u00f3w.<\/li>\n<li>Tymczasowy przyw\u00f3z\/wyw\u00f3z do przetworzenia.<\/li>\n<li>KIPIS \u2013 informacyjny system portu morskiego.<\/li>\n<li>Konsultacje w zakresie procedur celnych.<\/li>\n<li>Reprezentacja podczas odprawy celnej.<\/li>\n<\/ul>\n<\/div><div class=\"fusion-clearfix\"><\/div><\/div><\/div><\/div><div class=\"fusion-text fusion-text-4\"><p>Pracujemy na wszystkich przej\u015bciach granicznych na Litwie, \u0141otwie i w Polsce. Posterunki towarowe Alytus, Mariampol\u0117, Utena i K\u0142ajpeda.<\/p>\n<\/div><div class=\"fusion-aligncenter\"><a class=\"fusion-button button-flat fusion-button-default-size button-default fusion-button-default button-1 fusion-button-default-span fusion-button-default-type\" style=\"--button-border-radius-top-left:10px;--button-border-radius-top-right:10px;--button-border-radius-bottom-right:10px;--button-border-radius-bottom-left:10px;\" target=\"_self\" href=\"https:\/\/durga.lt\/kontaktai\/\"><span class=\"fusion-button-text\">Skontaktuj si\u0119 z nami!<\/span><\/a><\/div><div class=\"fusion-clearfix\"><\/div><\/div><\/div><div class=\"fusion-layout-column fusion_builder_column fusion-builder-column-1 fusion_builder_column_1_3 1_3 fusion-one-third fusion-column-last\" style=\"--awb-padding-top:50px;--awb-padding-right:30px;--awb-padding-bottom:50px;--awb-padding-left:30px;--awb-bg-color:#f2f2f4;--awb-bg-size:cover;--awb-margin-bottom:0px;width:33.333333333333%;width:calc(33.333333333333% - ( ( 2% ) * 0.33333333333333 ) );\"><div class=\"fusion-column-wrapper fusion-flex-column-wrapper-legacy\"><div class=\"fusion-title title fusion-title-2 fusion-sep-none fusion-title-text fusion-title-size-three\" style=\"--awb-sep-color:#b8b9ba;\"><h3 class=\"title-heading-left\" style=\"margin:0;\"><div class=\"fusion-toggle-heading\">Wybierz us\u0142ug\u0119:<\/div><\/h3><\/div><div class=\"fusion-align-block\"><a class=\"fusion-button button-flat button-medium button-custom fusion-button-default button-2 fusion-button-span-yes fusion-button-default-type\" style=\"--button_accent_color:#3a3d84;--button_border_color:#3a3d84;--button_accent_hover_color:#ffffff;--button_border_hover_color:#ffffff;--button_border_width-top:1px;--button_border_width-right:1px;--button_border_width-bottom:1px;--button_border_width-left:1px;--button_gradient_top_color:rgba(58,61,132,0);--button_gradient_bottom_color:rgba(58,61,132,0);--button_gradient_top_color_hover:#3a3d84;--button_gradient_bottom_color_hover:#3a3d84;\" target=\"_self\" href=\"https:\/\/durga.lt\/pl\/uslugi\/zglaszanie-do-organow-celnych-ue\/\"><span class=\"fusion-button-text\">Zg\u0142aszanie do organ\u00f3w celnych UE<\/span><\/a><\/div><div class=\"fusion-sep-clear\"><\/div><div class=\"fusion-separator fusion-full-width-sep\" style=\"margin-left: auto;margin-right: auto;margin-top:20px;width:100%;\"><\/div><div class=\"fusion-sep-clear\"><\/div><div class=\"fusion-align-block\"><a class=\"fusion-button button-flat button-medium button-custom fusion-button-default button-3 fusion-button-span-yes fusion-button-default-type\" style=\"--button_accent_color:#3a3d84;--button_border_color:#3a3d84;--button_accent_hover_color:#ffffff;--button_border_hover_color:#ffffff;--button_border_width-top:1px;--button_border_width-right:1px;--button_border_width-bottom:1px;--button_border_width-left:1px;--button_gradient_top_color:rgba(58,61,132,0);--button_gradient_bottom_color:rgba(58,61,132,0);--button_gradient_top_color_hover:#3a3d84;--button_gradient_bottom_color_hover:#3a3d84;\" target=\"_self\" href=\"https:\/\/durga.lt\/pl\/uslugi\/deklaracje-dla-zwiazkow-celnych\/\"><span class=\"fusion-button-text\">Deklaracje dla zwi\u0105zk\u00f3w celnych<\/span><\/a><\/div><div class=\"fusion-sep-clear\"><\/div><div class=\"fusion-separator fusion-full-width-sep\" style=\"margin-left: auto;margin-right: auto;margin-top:20px;width:100%;\"><\/div><div class=\"fusion-sep-clear\"><\/div><div class=\"fusion-align-block\"><a class=\"fusion-button button-flat button-medium button-custom fusion-button-default button-4 fusion-button-span-yes fusion-button-default-type\" style=\"--button_accent_color:#3a3d84;--button_border_color:#3a3d84;--button_accent_hover_color:#ffffff;--button_border_hover_color:#ffffff;--button_border_width-top:1px;--button_border_width-right:1px;--button_border_width-bottom:1px;--button_border_width-left:1px;--button_gradient_top_color:rgba(58,61,132,0);--button_gradient_bottom_color:rgba(58,61,132,0);--button_gradient_top_color_hover:#3a3d84;--button_gradient_bottom_color_hover:#3a3d84;\" target=\"_self\" href=\"https:\/\/durga.lt\/pl\/uslugi\/raporty-intrastat\/\"><span class=\"fusion-button-text\">Raporty Intrastat<\/span><\/a><\/div><div class=\"fusion-sep-clear\"><\/div><div class=\"fusion-separator fusion-full-width-sep\" style=\"margin-left: auto;margin-right: auto;margin-top:20px;width:100%;\"><\/div><div class=\"fusion-sep-clear\"><\/div><div class=\"fusion-align-block\"><a class=\"fusion-button button-flat button-medium button-custom fusion-button-default button-5 fusion-button-span-yes fusion-button-default-type\" style=\"--button_accent_color:#3a3d84;--button_border_color:#3a3d84;--button_accent_hover_color:#ffffff;--button_border_hover_color:#ffffff;--button_border_width-top:1px;--button_border_width-right:1px;--button_border_width-bottom:1px;--button_border_width-left:1px;--button_gradient_top_color:rgba(58,61,132,0);--button_gradient_bottom_color:rgba(58,61,132,0);--button_gradient_top_color_hover:#3a3d84;--button_gradient_bottom_color_hover:#3a3d84;\" target=\"_self\" href=\"https:\/\/durga.lt\/pl\/uslugi\/parkingi-dla-pojazdow-towarowych\/\"><span class=\"fusion-button-text\">Parkingi dla pojazd\u00f3w towarowych<\/span><\/a><\/div><div class=\"fusion-sep-clear\"><\/div><div class=\"fusion-separator fusion-full-width-sep\" style=\"margin-left: auto;margin-right: auto;margin-top:20px;width:100%;\"><\/div><div class=\"fusion-sep-clear\"><\/div><div class=\"fusion-align-block\"><a class=\"fusion-button button-flat button-medium button-custom fusion-button-default button-6 fusion-button-span-yes fusion-button-default-type\" style=\"--button_accent_color:#3a3d84;--button_border_color:#3a3d84;--button_accent_hover_color:#ffffff;--button_border_hover_color:#ffffff;--button_border_width-top:1px;--button_border_width-right:1px;--button_border_width-bottom:1px;--button_border_width-left:1px;--button_gradient_top_color:rgba(58,61,132,0);--button_gradient_bottom_color:rgba(58,61,132,0);--button_gradient_top_color_hover:#3a3d84;--button_gradient_bottom_color_hover:#3a3d84;\" target=\"_self\" href=\"https:\/\/durga.lt\/pl\/czynsz\/\"><span class=\"fusion-button-text\">Wynajem magazyn\u00f3w i plac\u00f3w<\/span><\/a><\/div><div class=\"fusion-clearfix\"><\/div><\/div><\/div><\/div><\/div>\n","protected":false},"excerpt":{"rendered":"","protected":false},"author":4,"featured_media":0,"parent":0,"menu_order":0,"comment_status":"closed","ping_status":"closed","template":"100-width.php","meta":{"footnotes":""},"_links":{"self":[{"href":"https:\/\/durga.lt\/pl\/wp-json\/wp\/v2\/pages\/1205"}],"collection":[{"href":"https:\/\/durga.lt\/pl\/wp-json\/wp\/v2\/pages"}],"about":[{"href":"https:\/\/durga.lt\/pl\/wp-json\/wp\/v2\/types\/page"}],"author":[{"embeddable":true,"href":"https:\/\/durga.lt\/pl\/wp-json\/wp\/v2\/users\/4"}],"replies":[{"embeddable":true,"href":"https:\/\/durga.lt\/pl\/wp-json\/wp\/v2\/comments?post=1205"}],"version-history":[{"count":6,"href":"https:\/\/durga.lt\/pl\/wp-json\/wp\/v2\/pages\/1205\/revisions"}],"predecessor-version":[{"id":1232,"href":"https:\/\/durga.lt\/pl\/wp-json\/wp\/v2\/pages\/1205\/revisions\/1232"}],"wp:attachment":[{"href":"https:\/\/durga.lt\/pl\/wp-json\/wp\/v2\/media?parent=1205"}],"curies":[{"name":"wp","href":"https:\/\/api.w.org\/{rel}","templated":true}]}}