{"id":1196,"date":"2024-07-10T11:22:38","date_gmt":"2024-07-10T08:22:38","guid":{"rendered":"https:\/\/durga.lt\/aktualnosci\/"},"modified":"2024-07-17T13:47:12","modified_gmt":"2024-07-17T10:47:12","slug":"aktualnosci","status":"publish","type":"page","link":"https:\/\/durga.lt\/pl\/aktualnosci\/","title":{"rendered":"Aktualno\u015bci"},"content":{"rendered":"<div class=\"fusion-fullwidth fullwidth-box fusion-builder-row-1 hundred-percent-fullwidth non-hundred-percent-height-scrolling fusion-equal-height-columns\" style=\"--awb-border-radius-top-left:0px;--awb-border-radius-top-right:0px;--awb-border-radius-bottom-right:0px;--awb-border-radius-bottom-left:0px;--awb-padding-left:0px;\" ><div class=\"fusion-builder-row fusion-row\"><div class=\"fusion-layout-column fusion_builder_column fusion-builder-column-0 fusion_builder_column_1_2 1_2 fusion-one-half fusion-column-first\" style=\"--awb-padding-top:15%;--awb-padding-right:15%;--awb-padding-bottom:15%;--awb-padding-left:15%;--awb-bg-image:url(&#039;https:\/\/durga.lt\/wp-content\/uploads\/2023\/10\/DJI_0317-scaled.jpg&#039;);--awb-bg-blend:overlay;--awb-bg-size:cover;--awb-margin-top:0px;--awb-margin-bottom:0px;width:48%; margin-right: 4%;\"><div class=\"fusion-column-wrapper fusion-flex-column-wrapper-legacy fusion-empty-column-bg-image\" data-bg-url=\"https:\/\/durga.lt\/wp-content\/uploads\/2023\/10\/DJI_0317-scaled.jpg\"><div class=\"fusion-column-content-centered\"><div class=\"fusion-column-content\"><img decoding=\"async\" class=\"fusion-empty-dims-img-placeholder fusion-no-large-visibility\" src=\"data:image\/svg+xml,%3Csvg%20xmlns%3D%27http%3A%2F%2Fwww.w3.org%2F2000%2Fsvg%27%20width%3D%272560%27%20height%3D%271438%27%20viewBox%3D%270%200%202560%201438%27%3E%3Crect%20width%3D%272560%27%20height%3D%271438%27%20fill-opacity%3D%220%22%2F%3E%3C%2Fsvg%3E\"><\/div><\/div><div class=\"fusion-clearfix\"><\/div><\/div><\/div><div class=\"fusion-layout-column fusion_builder_column fusion-builder-column-1 fusion_builder_column_1_2 1_2 fusion-one-half fusion-column-last\" style=\"--awb-padding-top:15%;--awb-padding-right:15%;--awb-padding-bottom:15%;--awb-padding-left:15%;--awb-bg-blend:overlay;--awb-bg-size:cover;--awb-margin-top:0px;--awb-margin-bottom:0px;width:48%;\"><div class=\"fusion-column-wrapper fusion-flex-column-wrapper-legacy\"><div class=\"fusion-column-content-centered\"><div class=\"fusion-column-content\"><div class=\"fusion-title title fusion-title-1 fusion-title-center fusion-title-text fusion-title-size-one\" style=\"--awb-margin-top:30px;--awb-margin-bottom:30px;\"><div class=\"title-sep-container title-sep-container-left\"><div class=\"title-sep sep-single sep-solid\" style=\"border-color:#b9babb;\"><\/div><\/div><span class=\"awb-title-spacer\"><\/span><h1 class=\"title-heading-center\" style=\"margin:0;\">Aktualno\u015bci<\/h1><span class=\"awb-title-spacer\"><\/span><div class=\"title-sep-container title-sep-container-right\"><div class=\"title-sep sep-single sep-solid\" style=\"border-color:#b9babb;\"><\/div><\/div><\/div><div class=\"fusion-text fusion-text-1\"><p>Przekroczy\u0142e\u015b termin tranzytu T1? Nowa us\u0142uga na przej\u015bciach granicznych chroni przed karami!<\/p>\n<p>Zwi\u0119kszony ruch na granicy prowadzi do wzrostu liczby przypadk\u00f3w, w kt\u00f3rych przewo\u017anicy nie przekraczaj\u0105 granicy na czas i naruszaj\u0105 terminy tranzytu T1. Aby pom\u00f3c firmom, od 1 kwietnia 2024 r. oferujemy now\u0105 us\u0142ug\u0119: wniosek do organ\u00f3w celnych o odst\u0105pienie od na\u0142o\u017cenia grzywny za naruszenie limitu czasu tranzytu T1 z przyczyn obiektywnych. Organy celne b\u0119d\u0105 akceptowa\u0107 wy\u0142\u0105cznie wnioski elektroniczne sk\u0142adane za po\u015brednictwem ich systemu.<\/p>\n<p>Jak dzia\u0142a ta us\u0142uga?<\/p>\n<p>Dostarczasz nam wymagane dokumenty.<br \/>\nWype\u0142niamy wniosek i wysy\u0142amy go do litewskiego urz\u0119du celnego.<br \/>\nUnikasz kar za przekroczenie limitu czasu tranzytu.<\/p>\n<p>Us\u0142uga jest dost\u0119pna na przej\u015bciach granicznych w Medininkai i \u0160al\u010dininkai.<\/p>\n<p>Skontaktuj si\u0119 z nami ju\u017c dzi\u015b, aby dowiedzie\u0107 si\u0119 wi\u0119cej!<\/p>\n<\/div><div class=\"fusion-sep-clear\"><\/div><div class=\"fusion-separator fusion-full-width-sep\" style=\"margin-left: auto;margin-right: auto;width:100%;\"><div class=\"fusion-separator-border sep-single sep-solid\" style=\"border-color:#e0dede;border-top-width:1px;\"><\/div><\/div><div class=\"fusion-sep-clear\"><\/div><div class=\"fusion-text fusion-text-2\"><p>\u00a0<\/p>\n<p>Informujemy, \u017ce UAB Durga otrzyma\u0142a wszystkie niezb\u0119dne pozwolenia i potwierdzi\u0142a miejsce kontroli celnej w Lank\u0173 g. 14, Alytus.<\/p>\n<p>Mo\u017cemy przetworzy\u0107 wszystkie wymagane procedury importowe i eksportowe, zako\u0144czy\u0107 tranzyt, zdj\u0105\u0107 plomby i uzyska\u0107 pozwolenia na roz\u0142adunek i za\u0142adunek towar\u00f3w.<\/p>\n<p>Prosimy o kierowanie ci\u0119\u017car\u00f3wek z towarami i wskazanie adresu Lank\u0173 g. 14, Alytus w CMR 13.<\/p>\n<p>Tel. +370-679-29050, e-mail: alytus@durga.lt.<\/p>\n<p>Otwarte: I-V 08-17<\/p>\n<p>\u00a0<\/p>\n<\/div><\/div><\/div><div class=\"fusion-clearfix\"><\/div><\/div><\/div><\/div><\/div>\n","protected":false},"excerpt":{"rendered":"","protected":false},"author":5,"featured_media":0,"parent":0,"menu_order":0,"comment_status":"closed","ping_status":"closed","template":"100-width.php","meta":{"footnotes":""},"_links":{"self":[{"href":"https:\/\/durga.lt\/pl\/wp-json\/wp\/v2\/pages\/1196"}],"collection":[{"href":"https:\/\/durga.lt\/pl\/wp-json\/wp\/v2\/pages"}],"about":[{"href":"https:\/\/durga.lt\/pl\/wp-json\/wp\/v2\/types\/page"}],"author":[{"embeddable":true,"href":"https:\/\/durga.lt\/pl\/wp-json\/wp\/v2\/users\/5"}],"replies":[{"embeddable":true,"href":"https:\/\/durga.lt\/pl\/wp-json\/wp\/v2\/comments?post=1196"}],"version-history":[{"count":3,"href":"https:\/\/durga.lt\/pl\/wp-json\/wp\/v2\/pages\/1196\/revisions"}],"predecessor-version":[{"id":1248,"href":"https:\/\/durga.lt\/pl\/wp-json\/wp\/v2\/pages\/1196\/revisions\/1248"}],"wp:attachment":[{"href":"https:\/\/durga.lt\/pl\/wp-json\/wp\/v2\/media?parent=1196"}],"curies":[{"name":"wp","href":"https:\/\/api.w.org\/{rel}","templated":true}]}}