{"id":1191,"date":"2024-07-10T11:18:53","date_gmt":"2024-07-10T08:18:53","guid":{"rendered":"https:\/\/durga.lt\/taisykles\/"},"modified":"2026-03-06T10:28:12","modified_gmt":"2026-03-06T08:28:12","slug":"zasady","status":"publish","type":"page","link":"https:\/\/durga.lt\/pl\/zasady\/","title":{"rendered":"Zasady"},"content":{"rendered":"<div class=\"fusion-fullwidth fullwidth-box fusion-builder-row-1 fusion-flex-container has-pattern-background has-mask-background nonhundred-percent-fullwidth non-hundred-percent-height-scrolling\" style=\"--awb-border-radius-top-left:0px;--awb-border-radius-top-right:0px;--awb-border-radius-bottom-right:0px;--awb-border-radius-bottom-left:0px;\" ><div class=\"fusion-builder-row fusion-row fusion-flex-align-items-flex-start\" style=\"max-width:1144px;margin-left: calc(-4% \/ 2 );margin-right: calc(-4% \/ 2 );\"><div class=\"fusion-layout-column fusion_builder_column fusion-builder-column-0 fusion_builder_column_1_1 1_1 fusion-flex-column\" style=\"--awb-bg-size:cover;--awb-width-large:100%;--awb-spacing-right-large:1.92%;--awb-spacing-left-large:1.92%;--awb-width-medium:100%;--awb-order-medium:0;--awb-spacing-right-medium:1.92%;--awb-spacing-left-medium:1.92%;--awb-width-small:100%;--awb-order-small:0;--awb-spacing-right-small:1.92%;--awb-spacing-left-small:1.92%;\"><div class=\"fusion-column-wrapper fusion-column-has-shadow fusion-flex-justify-content-flex-start fusion-content-layout-column\"><div class=\"fusion-title title fusion-title-1 fusion-title-center fusion-title-text fusion-title-size-one\" style=\"--awb-margin-top:30px;--awb-margin-bottom:30px;\"><div class=\"title-sep-container title-sep-container-left\"><div class=\"title-sep sep-single sep-solid\" style=\"border-color:#b9babb;\"><\/div><\/div><span class=\"awb-title-spacer\"><\/span><h1 class=\"title-heading-center\" style=\"margin:0;\">Zasady parkowania<\/h1><span class=\"awb-title-spacer\"><\/span><div class=\"title-sep-container title-sep-container-right\"><div class=\"title-sep sep-single sep-solid\" style=\"border-color:#b9babb;\"><\/div><\/div><\/div><div class=\"fusion-text fusion-text-1\"><ol>\n<li>Parking pojazd\u00f3w jest <b>PRYWATNYM TERENEM<\/b>.<\/li>\n<\/ol>\n<ol start=\"2\">\n<li>Niniejsze zasady reguluj\u0105 parkowanie pojazd\u00f3w i zobowi\u0105zuj\u0105 wszystkie osoby (zarz\u0105dzaj\u0105cych i w\u0142a\u015bcicieli pojazd\u00f3w) parkuj\u0105cych pojazdy na parkingu do przestrzegania ustalonych zasad i porz\u0105dku. Uwa\u017ca si\u0119, \u017ce zarz\u0105dzaj\u0105cy i w\u0142a\u015bciciele pojazd\u00f3w, parkuj\u0105cy pojazdy na parkingu, s\u0105 zaznajomieni z tymi zasadami i zobowi\u0105zuj\u0105 si\u0119 do ich przestrzegania. Zarz\u0105dzaj\u0105cy i w\u0142a\u015bciciele pojazd\u00f3w nieprzestrzegaj\u0105cy zasad zgadzaj\u0105 si\u0119 na mo\u017cliwo\u015b\u0107 ukarania za nieprzestrzeganie zasad.<\/li>\n<\/ol>\n<ol start=\"3\">\n<li>Parkowanie pojazd\u00f3w na parkingu i\/lub w oddzielnie wyznaczonej strefie jest p\u0142atne zgodnie z dzienn\u0105 stawk\u0105 og\u0142oszon\u0105 przy wje\u017adzie na parking. Za us\u0142ugi parkowania pojazd\u00f3w nale\u017cy zap\u0142aci\u0107 przed opuszczeniem parkingu. Parkingiem mo\u017cna korzysta\u0107 przez ca\u0142\u0105 dob\u0119.<\/li>\n<\/ol>\n<ol start=\"4\">\n<li>Wjazd na parking jest mo\u017cliwy tylko po zarejestrowaniu numer\u00f3w pojazdu przez pracownika ochrony w systemie oraz po uzyskaniu pozwolenia.<\/li>\n<\/ol>\n<ol start=\"5\">\n<li>Op\u0142at\u0119 za rejestracj\u0119 w kolejce ustala Dyrekcja Przej\u015b\u0107 Granicznych przy Ministerstwie Transportu i \u0141\u0105czno\u015bci Republiki Litewskiej. Obecnie op\u0142ata za rejestracj\u0119 w kolejce wynosi 6 (sze\u015b\u0107) euro, z czego 5 (pi\u0119\u0107) euro przekazywane jest na konto Dyrekcji Przej\u015b\u0107 Granicznych, a 1 (jedno) euro stanowi op\u0142at\u0119 za \u015bwiadczenie us\u0142ugi.<\/li>\n<\/ol>\n<ul>\n<li>Osobom udaj\u0105cym si\u0119 do przej\u015b\u0107 granicznych w Medininkach lub Solecznikach przys\u0142uguje 1 (jedna) godzina bezp\u0142atnego postoju pojazdu.<\/li>\n<li>W przypadku os\u00f3b, kt\u00f3re nie zamierzaj\u0105 uda\u0107 si\u0119 do przej\u015bcia granicznego, op\u0142ata za post\u00f3j naliczana jest od momentu wjazdu pojazdu na parking.<\/li>\n<li>Je\u017celi pojazd pozostaje na parkingu d\u0142u\u017cej ni\u017c 6 (sze\u015b\u0107) miesi\u0119cy, mo\u017ce zosta\u0107 przeniesiony na inny parking strze\u017cony, a w\u0142a\u015bciciel pojazdu zobowi\u0105zany jest pokry\u0107 wszystkie koszty zwi\u0105zane z transportem i dalszym przechowywaniem pojazdu.<\/li>\n<\/ul>\n<ol start=\"6\">\n<li>Wyjazd odbywa si\u0119 za pomoc\u0105 tablic \u015bwietlnych i radia (kana\u0142 10). Po us\u0142yszeniu swoich numer\u00f3w przez radio lub zobaczeniu ich na tablicy \u015bwietlnej, mo\u017cna wyjecha\u0107 z parkingu.<\/li>\n<\/ol>\n<ol start=\"7\">\n<li>Opuszczaj\u0105c parking, przy szlabanie, je\u015bli parkowanie trwa\u0142o d\u0142u\u017cej ni\u017c godzin\u0119, nale\u017cy ui\u015bci\u0107 op\u0142at\u0119 za czas parkowania lub przedstawi\u0107 kwit op\u0142aty pracownikowi ochrony UAB \u201eDurga\u201d, je\u015bli op\u0142ata zosta\u0142a uiszczona wcze\u015bniej.<\/li>\n<\/ol>\n<ol start=\"8\">\n<li>Po uiszczeniu okre\u015blonej op\u0142aty za parkowanie pojazdu, kwit op\u0142aty jest wydawany w kasie.<\/li>\n<\/ol>\n<ol start=\"9\">\n<li>Zarz\u0105dzaj\u0105cy i w\u0142a\u015bciciele pojazd\u00f3w s\u0105 odpowiedzialni za bezpiecze\u0144stwo zaparkowanych pojazd\u00f3w, bezpiecze\u0144stwo \u0142adunku, bezpiecze\u0144stwo os\u00f3b. Zarz\u0105dca parkingu nie ponosi materialnej odpowiedzialno\u015bci za bezpiecze\u0144stwo i\/lub ochron\u0119 pojazd\u00f3w znajduj\u0105cych si\u0119 na parkingu, ani za szkody wyrz\u0105dzone tym pojazdom, \u0142adunkom, kierowcom lub innym osobom, w tym za dzia\u0142ania os\u00f3b trzecich.<\/li>\n<\/ol>\n<ol start=\"10\">\n<li>Je\u017celi nie jest mo\u017cliwe ustalenie faktu zap\u0142aty za us\u0142ugi parkowania pojazdu, uwa\u017ca si\u0119, \u017ce zasady parkingu zosta\u0142y naruszone. W\u0142a\u015bciciel (zarz\u0105dca) pojazdu, parkuj\u0105c pojazd na parkingu, potwierdza, \u017ce w przypadku naruszenia zasad parkingu zgadza si\u0119 zap\u0142aci\u0107 za faktycznie \u015bwiadczone us\u0142ugi (czas korzystania z parkingu).<\/li>\n<\/ol>\n<ol start=\"11\">\n<li>Na parkingu mog\u0105 by\u0107 parkowane tylko zarejestrowane i technicznie sprawne pojazdy (nie wypuszczaj\u0105ce oleju, nie rysuj\u0105ce nawierzchni parkingu itp.). W przypadku nieprzestrzegania tych wymaga\u0144 zarz\u0105dzaj\u0105cy i w\u0142a\u015bciciele pojazd\u00f3w ponosz\u0105 pe\u0142n\u0105 odpowiedzialno\u015b\u0107 i podlegaj\u0105 wszelkim karom na\u0142o\u017conym przez pa\u0144stwowe instytucje RL.<\/li>\n<\/ol>\n<ol start=\"12\">\n<li>Na parkingu zabrania si\u0119 pozostawiania pojazdu w spos\u00f3b, kt\u00f3ry utrudnia wjazd na teren parkingu lub wyjazd z niego, blokuje dost\u0119p specjalnym pojazdom do kontener\u00f3w na \u015bmieci, zastawia inne pojazdy lub tworzy jakiekolwiek inne przeszkody w dost\u0119pie do miejsca parkingowego lub wyje\u017adzie z niego.<\/li>\n<\/ol>\n<ol start=\"13\">\n<li>Na parkingu zabrania si\u0119 \u015bmiecenia, spo\u017cywania alkoholu, ha\u0142asowania lub przeszkadzania innym osobom, a tak\u017ce uszkadzania, demonta\u017cu lub innej zmiany wszelkiego wyposa\u017cenia, urz\u0105dze\u0144 na terenie parkingu oraz naprawiania, mycia pojazd\u00f3w itp.<\/li>\n<\/ol>\n<ol start=\"14\">\n<li>Bez uprzedniej pisemnej zgody zarz\u0105dcy parkingu zabrania si\u0119 pozostawiania na parkingu pojazdu reklamuj\u0105cego towary lub us\u0142ugi w r\u00f3\u017cnych formach lub spos\u00f3b.<\/li>\n<\/ol>\n<ol start=\"15\">\n<li>Ci\u0119\u017ckie pojazdy, cysterny, pojazdy przewo\u017c\u0105ce chemikalia i\/lub materia\u0142y wybuchowe, uszkodzone w wyniku wypadku drogowego pojazdy mo\u017cna pozostawi\u0107 na parkingu tylko w wyznaczonym przez zarz\u0105dc\u0119 parkingu miejscu, po uzyskaniu uprzedniego zezwolenia\/zgody zarz\u0105dcy parkingu.<\/li>\n<\/ol>\n<ol start=\"16\">\n<li>Pojazdy zamierzaj\u0105ce przekroczy\u0107 granic\u0119 pa\u0144stwa s\u0105 automatycznie rejestrowane w &#8222;Systemie zarz\u0105dzania kolejkami&#8221; przy wje\u017adzie na parking i umieszczane w kolejce pojazd\u00f3w oczekuj\u0105cych na przekroczenie granicy pa\u0144stwa.<\/li>\n<\/ol>\n<ul>\n<li style=\"list-style-type: none;\">\n<ul>\n<li>Przy wje\u017adzie na parking pojazd rejestrowany jest w Systemie zarz\u0105dzania kolejkami.<\/li>\n<li>Kierowcy pojazd\u00f3w przewo\u017c\u0105cych \u0142atwo psuj\u0105ce si\u0119, niebezpieczne \u0142adunki, przewo\u017anicy AEO s\u0105 zobowi\u0105zani przedstawi\u0107 dokumenty potwierdzaj\u0105ce ochroniarzowi;<\/li>\n<li>Kierowcy pojazd\u00f3w s\u0105 wzywani do przejazdu do punkt\u00f3w kontroli granicznej w Medininkach\/\u0160al\u010dininkai za pomoc\u0105 radia oraz tablic \u015bwietlnych znajduj\u0105cych si\u0119 na terenie parkingu i monitorze w budynku us\u0142ugowym;<\/li>\n<li>Po zapaleniu si\u0119 numeru kolejki kierowca jest zobowi\u0105zany w ci\u0105gu godziny zap\u0142aci\u0107 za parkowanie na parkingu oraz inne \u015bwiadczone us\u0142ugi i uda\u0107 si\u0119 do PKP Medininkai\/\u0160al\u010dininkai. Je\u015bli kierowca nie opu\u015bci terenu w wyznaczonym czasie, pojazd zostaje automatycznie ustawiony na koniec kolejki;<\/li>\n<li>Je\u015bli z jakichkolwiek przyczyn kierowca nie mo\u017ce wyjecha\u0107, gdy nadchodzi jego kolej, musi wcze\u015bniej poinformowa\u0107 o tym pracownika ochrony;<\/li>\n<li>Pojazd, kt\u00f3ry opu\u015bci\u0142 parking, musi w ci\u0105gu 2 godzin dotrze\u0107 do PKP Medininkai\/\u0160al\u010dininkai. Je\u015bli tego nie zrobi, uwa\u017ca si\u0119, \u017ce kierowca zrezygnowa\u0142 z przekroczenia granicy pa\u0144stwa, w zwi\u0105zku z czym chc\u0105c kontynuowa\u0107 podr\u00f3\u017c przez granic\u0119 pa\u0144stwa, musi ponownie zarejestrowa\u0107 si\u0119 w kolejce do przekroczenia granicy pa\u0144stwa.<\/li>\n<\/ul>\n<\/li>\n<\/ul>\n<ol start=\"17\">\n<li>Ca\u0142y teren parkingu jest monitorowany za pomoc\u0105 kamer wideo.<\/li>\n<\/ol>\n<ol start=\"18\">\n<li>Filmowanie lub fotografowanie terenu Sp\u00f3\u0142ki jest dozwolone tylko za zgod\u0105 kierownictwa Sp\u00f3\u0142ki.<\/li>\n<\/ol>\n<ol start=\"19\">\n<li>Handel bez zgody kierownictwa Sp\u00f3\u0142ki jest zabroniony.<\/li>\n<\/ol>\n<ol start=\"20\">\n<li>UAB &#8222;Durga&#8221; zapewnia mo\u017cliwo\u015bci korzystania z infrastruktury terenu, ale nie zobowi\u0105zuje si\u0119 do ochrony samochod\u00f3w i ich przyczep. Na parkingu nale\u017cy przestrzega\u0107 zasad bezpiecze\u0144stwa przeciwpo\u017carowego, bezpiecze\u0144stwa pracy, normatyw\u00f3w ochrony \u015brodowiska i ekologii, nie wolno przetacza\u0107 paliwa z samochod\u00f3w, zostawia\u0107 opon i innych \u015bmieci.<\/li>\n<\/ol>\n<ol start=\"21\">\n<li>UAB &#8222;Durga&#8221; nie odpowiada za samochody, paliwo znajduj\u0105ce si\u0119 w nich oraz pozostawione w nich warto\u015bci materialne<\/li>\n<li>Kierowcy s\u0105 odpowiedzialni za zanieczyszczenie powietrza, zbieranie rozlanych produkt\u00f3w ropopochodnych, szkody dla \u015brodowiska i wszelkie inne szkody spowodowane przez Durga UAB i\/lub osoby trzecie na parkingu.<\/li>\n<li>We wszystkich przypadkach operator lub w\u0142a\u015bciciel pojazdu ponosi odpowiedzialno\u015b\u0107 za nieprzestrzeganie powy\u017cszych wymog\u00f3w i przyjmuje pe\u0142n\u0105 odpowiedzialno\u015b\u0107 za nieprzestrzeganie przepis\u00f3w prawa Republiki Litewskiej.<\/li>\n<\/ol>\n<\/div><\/div><\/div><\/div><\/div>\n","protected":false},"excerpt":{"rendered":"","protected":false},"author":5,"featured_media":0,"parent":0,"menu_order":0,"comment_status":"closed","ping_status":"closed","template":"","meta":{"footnotes":""},"_links":{"self":[{"href":"https:\/\/durga.lt\/pl\/wp-json\/wp\/v2\/pages\/1191"}],"collection":[{"href":"https:\/\/durga.lt\/pl\/wp-json\/wp\/v2\/pages"}],"about":[{"href":"https:\/\/durga.lt\/pl\/wp-json\/wp\/v2\/types\/page"}],"author":[{"embeddable":true,"href":"https:\/\/durga.lt\/pl\/wp-json\/wp\/v2\/users\/5"}],"replies":[{"embeddable":true,"href":"https:\/\/durga.lt\/pl\/wp-json\/wp\/v2\/comments?post=1191"}],"version-history":[{"count":7,"href":"https:\/\/durga.lt\/pl\/wp-json\/wp\/v2\/pages\/1191\/revisions"}],"predecessor-version":[{"id":1330,"href":"https:\/\/durga.lt\/pl\/wp-json\/wp\/v2\/pages\/1191\/revisions\/1330"}],"wp:attachment":[{"href":"https:\/\/durga.lt\/pl\/wp-json\/wp\/v2\/media?parent=1191"}],"curies":[{"name":"wp","href":"https:\/\/api.w.org\/{rel}","templated":true}]}}